{"id":91,"date":"2024-08-20T18:21:57","date_gmt":"2024-08-20T18:21:57","guid":{"rendered":"https:\/\/arm-plan.rs\/?page_id=91"},"modified":"2024-08-20T18:21:57","modified_gmt":"2024-08-20T18:21:57","slug":"o-nama","status":"publish","type":"page","link":"https:\/\/arm-plan.rs\/index.php\/o-nama\/","title":{"rendered":"O nama"},"content":{"rendered":"\n<p>ARM-PLAN DOO Novi Sad je projektni biro sa sedi\u0161tem u Novom Sadu, Bra\u0107e Ribnikar 45, 21 102 Novi Sad. Osniva\u010d i direktor firme je&nbsp;<em>Aleksandar Ili\u0107, mast. in\u017e. gra\u0111.<\/em><\/p>\n\n\n\n<p>PIB: 109767765 &nbsp; &nbsp; &nbsp; &nbsp; &nbsp; &nbsp;MB: 21239364<\/p>\n\n\n\n<p>\u0160ifra delatnosti:&nbsp;<em>in\u017eenjerske delatnosti i tehni\u010dko savetovanje<\/em><\/p>\n\n\n\n<p>Ukoliko su Vam potrebne usluge projektovanja gra\u0111evinskih i industrijskih objekata, mi nudimo re\u0161enja kako biste \u0161to efikasnije i br\u017ee ostvarili svoje poslovne ciljeve i ispunili zahteve va\u0161ih klijenata.<\/p>\n\n\n\n<p>Pored izrade svih vrsta tehni\u010dke dokumentacije bavimo se i izradom dokumentacije potrebne za OZAKONJENJE objekata (izve\u0161taj o zate\u010denom stanju).&nbsp;<strong><em>Specijalizovani smo za izradu projekata (statike) konstrukcija<\/em><\/strong>&nbsp;i kao takvi nudimo efikasna i efektna re\u0161enja za na\u0161e klijente, saradnike i kolege. Na\u0161e konsultacije su besplatne.<\/p>\n\n\n\n<figure class=\"wp-block-image size-full\"><img loading=\"lazy\" decoding=\"async\" width=\"400\" height=\"300\" src=\"https:\/\/arm-plan.rs\/wp-content\/uploads\/2024\/08\/pic_civil_engineering.jpg\" alt=\"\" class=\"wp-image-92\" srcset=\"https:\/\/arm-plan.rs\/wp-content\/uploads\/2024\/08\/pic_civil_engineering.jpg 400w, https:\/\/arm-plan.rs\/wp-content\/uploads\/2024\/08\/pic_civil_engineering-300x225.jpg 300w, https:\/\/arm-plan.rs\/wp-content\/uploads\/2024\/08\/pic_civil_engineering-380x285.jpg 380w, https:\/\/arm-plan.rs\/wp-content\/uploads\/2024\/08\/pic_civil_engineering-285x214.jpg 285w\" sizes=\"auto, (max-width: 400px) 100vw, 400px\" \/><\/figure>\n","protected":false},"excerpt":{"rendered":"<p>ARM-PLAN DOO Novi Sad je projektni biro sa sedi\u0161tem u Novom Sadu, Bra\u0107e Ribnikar 45, 21 102 Novi Sad. Osniva\u010d i direktor firme je&nbsp;Aleksandar Ili\u0107, mast. in\u017e. gra\u0111. PIB: 109767765 &nbsp; &nbsp; &nbsp; &nbsp; &nbsp; &nbsp;MB: 21239364 \u0160ifra delatnosti:&nbsp;in\u017eenjerske delatnosti i tehni\u010dko savetovanje Ukoliko su Vam potrebne usluge projektovanja gra\u0111evinskih i industrijskih objekata, mi nudimo&hellip;<\/p>\n<p class=\"more-link\"><a href=\"https:\/\/arm-plan.rs\/index.php\/o-nama\/\" class=\"themebutton3\">Read More<\/a><\/p>\n","protected":false},"author":1,"featured_media":0,"parent":0,"menu_order":0,"comment_status":"closed","ping_status":"closed","template":"","meta":{"footnotes":""},"categories":[],"tags":[],"class_list":["post-91","page","type-page","status-publish","hentry"],"_links":{"self":[{"href":"https:\/\/arm-plan.rs\/index.php\/wp-json\/wp\/v2\/pages\/91","targetHints":{"allow":["GET"]}}],"collection":[{"href":"https:\/\/arm-plan.rs\/index.php\/wp-json\/wp\/v2\/pages"}],"about":[{"href":"https:\/\/arm-plan.rs\/index.php\/wp-json\/wp\/v2\/types\/page"}],"author":[{"embeddable":true,"href":"https:\/\/arm-plan.rs\/index.php\/wp-json\/wp\/v2\/users\/1"}],"replies":[{"embeddable":true,"href":"https:\/\/arm-plan.rs\/index.php\/wp-json\/wp\/v2\/comments?post=91"}],"version-history":[{"count":1,"href":"https:\/\/arm-plan.rs\/index.php\/wp-json\/wp\/v2\/pages\/91\/revisions"}],"predecessor-version":[{"id":93,"href":"https:\/\/arm-plan.rs\/index.php\/wp-json\/wp\/v2\/pages\/91\/revisions\/93"}],"wp:attachment":[{"href":"https:\/\/arm-plan.rs\/index.php\/wp-json\/wp\/v2\/media?parent=91"}],"wp:term":[{"taxonomy":"category","embeddable":true,"href":"https:\/\/arm-plan.rs\/index.php\/wp-json\/wp\/v2\/categories?post=91"},{"taxonomy":"post_tag","embeddable":true,"href":"https:\/\/arm-plan.rs\/index.php\/wp-json\/wp\/v2\/tags?post=91"}],"curies":[{"name":"wp","href":"https:\/\/api.w.org\/{rel}","templated":true}]}}