{"id":53,"date":"2024-08-20T15:28:08","date_gmt":"2024-08-20T15:28:08","guid":{"rendered":"https:\/\/arm-plan.rs\/?page_id=53"},"modified":"2024-08-20T15:28:12","modified_gmt":"2024-08-20T15:28:12","slug":"nasa-misija","status":"publish","type":"page","link":"https:\/\/arm-plan.rs\/index.php\/nasa-misija\/","title":{"rendered":"Na\u0161a misija"},"content":{"rendered":"\n<p>Cilj osnivanja firme <strong>ARM-PLAN DOO <\/strong>jeste jasna vizija o kori\u0161\u0107enju naprednih tehni\u010dkih i tehnolo\u0161kih re\u0161enja za firme i klijente kojima su usluge ovog tipa neophodne za ostvarivanje poslovnih i\/ili li\u010dnih ciljeva vezanih za gra\u0111evinarstvo.<\/p>\n\n\n\n<p>Poverenje, odgovornost, kao i me\u0111uljudski odnosi na najvi\u0161em nivou \u2013 garancija su dobre radne atmosfere koju uo\u010di svako ko sa nama sara\u0111uje.<\/p>\n\n\n\n<p>Uvek<strong>&nbsp;<\/strong>nastojimo&nbsp;da u svom poslovanju \u0161to celovitije, efikasnije i pouzdanije zadovoljimo, kako zahteve i potrebe naru\u010dilaca, tako i \u0161ire dru\u0161tvene zajednice. Tako \u0107e biti i u budu\u0107nosti jer samo na taj na\u010din mo\u017eemo da realizujemo zacrtanu politiku kvaliteta.<\/p>\n\n\n\n<figure class=\"wp-block-image size-full is-resized\"><img loading=\"lazy\" decoding=\"async\" width=\"250\" height=\"199\" src=\"https:\/\/arm-plan.rs\/wp-content\/uploads\/2024\/08\/garancija-kvaliteta-pecat.png\" alt=\"\" class=\"wp-image-26\" style=\"width:206px;height:auto\"\/><\/figure>\n","protected":false},"excerpt":{"rendered":"<p>Cilj osnivanja firme ARM-PLAN DOO jeste jasna vizija o kori\u0161\u0107enju naprednih tehni\u010dkih i tehnolo\u0161kih re\u0161enja za firme i klijente kojima su usluge ovog tipa neophodne za ostvarivanje poslovnih i\/ili li\u010dnih ciljeva vezanih za gra\u0111evinarstvo. Poverenje, odgovornost, kao i me\u0111uljudski odnosi na najvi\u0161em nivou \u2013 garancija su dobre radne atmosfere koju uo\u010di svako ko sa nama&hellip;<\/p>\n<p class=\"more-link\"><a href=\"https:\/\/arm-plan.rs\/index.php\/nasa-misija\/\" class=\"themebutton3\">Read More<\/a><\/p>\n","protected":false},"author":1,"featured_media":0,"parent":0,"menu_order":0,"comment_status":"closed","ping_status":"closed","template":"","meta":{"footnotes":""},"categories":[],"tags":[],"class_list":["post-53","page","type-page","status-publish","hentry"],"_links":{"self":[{"href":"https:\/\/arm-plan.rs\/index.php\/wp-json\/wp\/v2\/pages\/53","targetHints":{"allow":["GET"]}}],"collection":[{"href":"https:\/\/arm-plan.rs\/index.php\/wp-json\/wp\/v2\/pages"}],"about":[{"href":"https:\/\/arm-plan.rs\/index.php\/wp-json\/wp\/v2\/types\/page"}],"author":[{"embeddable":true,"href":"https:\/\/arm-plan.rs\/index.php\/wp-json\/wp\/v2\/users\/1"}],"replies":[{"embeddable":true,"href":"https:\/\/arm-plan.rs\/index.php\/wp-json\/wp\/v2\/comments?post=53"}],"version-history":[{"count":3,"href":"https:\/\/arm-plan.rs\/index.php\/wp-json\/wp\/v2\/pages\/53\/revisions"}],"predecessor-version":[{"id":57,"href":"https:\/\/arm-plan.rs\/index.php\/wp-json\/wp\/v2\/pages\/53\/revisions\/57"}],"wp:attachment":[{"href":"https:\/\/arm-plan.rs\/index.php\/wp-json\/wp\/v2\/media?parent=53"}],"wp:term":[{"taxonomy":"category","embeddable":true,"href":"https:\/\/arm-plan.rs\/index.php\/wp-json\/wp\/v2\/categories?post=53"},{"taxonomy":"post_tag","embeddable":true,"href":"https:\/\/arm-plan.rs\/index.php\/wp-json\/wp\/v2\/tags?post=53"}],"curies":[{"name":"wp","href":"https:\/\/api.w.org\/{rel}","templated":true}]}}