{"id":43,"date":"2024-08-20T15:21:20","date_gmt":"2024-08-20T15:21:20","guid":{"rendered":"https:\/\/arm-plan.rs\/?page_id=43"},"modified":"2024-08-20T19:30:10","modified_gmt":"2024-08-20T19:30:10","slug":"usluge","status":"publish","type":"page","link":"https:\/\/arm-plan.rs\/","title":{"rendered":"USLUGE"},"content":{"rendered":"\n<p class=\"has-text-align-left\">ARM-PLAN DOO Novi Sad je biro za projektovanje koji se bavi izradom tehni\u010dke dokumentacije&nbsp;<strong><em>specijalizovan za izradu stati\u010dkog prora\u010duna konstrukcije i detalja za izvo\u0111enje armirano-betonskih i \u010deli\u010dnih konstrukcija.<\/em><\/strong><\/p>\n\n\n\n<p class=\"has-text-align-left\">Vrste tehni\u010dke dokumentacije koje nudimo:<\/p>\n\n\n\n<ul class=\"wp-block-list\">\n<li><em>Projekat konstrukcije za gra\u0111evinsku dozvolu (PGD)<\/em><\/li>\n\n\n\n<li><em>Projekat konstrukcije za izvo\u0111enje (PZI)<\/em><\/li>\n\n\n\n<li><em>Stru\u010dni nadzor na poslovima izvo\u0111enja konstrukcije<\/em><\/li>\n<\/ul>\n\n\n\n<p class=\"has-text-align-left\">Izra\u0111ujemo i dokumentaciju potrebnu za&nbsp;<strong><em>ozakonjenje objekata<\/em><\/strong>&nbsp;(izve\u0161taj o zate\u010denom stanju).<\/p>\n","protected":false},"excerpt":{"rendered":"<p>ARM-PLAN DOO Novi Sad je biro za projektovanje koji se bavi izradom tehni\u010dke dokumentacije&nbsp;specijalizovan za izradu stati\u010dkog prora\u010duna konstrukcije i detalja za izvo\u0111enje armirano-betonskih i \u010deli\u010dnih konstrukcija. Vrste tehni\u010dke dokumentacije koje nudimo: Izra\u0111ujemo i dokumentaciju potrebnu za&nbsp;ozakonjenje objekata&nbsp;(izve\u0161taj o zate\u010denom stanju).<\/p>\n","protected":false},"author":1,"featured_media":0,"parent":0,"menu_order":0,"comment_status":"closed","ping_status":"closed","template":"","meta":{"footnotes":""},"categories":[],"tags":[],"class_list":["post-43","page","type-page","status-publish","hentry"],"_links":{"self":[{"href":"https:\/\/arm-plan.rs\/index.php\/wp-json\/wp\/v2\/pages\/43","targetHints":{"allow":["GET"]}}],"collection":[{"href":"https:\/\/arm-plan.rs\/index.php\/wp-json\/wp\/v2\/pages"}],"about":[{"href":"https:\/\/arm-plan.rs\/index.php\/wp-json\/wp\/v2\/types\/page"}],"author":[{"embeddable":true,"href":"https:\/\/arm-plan.rs\/index.php\/wp-json\/wp\/v2\/users\/1"}],"replies":[{"embeddable":true,"href":"https:\/\/arm-plan.rs\/index.php\/wp-json\/wp\/v2\/comments?post=43"}],"version-history":[{"count":9,"href":"https:\/\/arm-plan.rs\/index.php\/wp-json\/wp\/v2\/pages\/43\/revisions"}],"predecessor-version":[{"id":113,"href":"https:\/\/arm-plan.rs\/index.php\/wp-json\/wp\/v2\/pages\/43\/revisions\/113"}],"wp:attachment":[{"href":"https:\/\/arm-plan.rs\/index.php\/wp-json\/wp\/v2\/media?parent=43"}],"wp:term":[{"taxonomy":"category","embeddable":true,"href":"https:\/\/arm-plan.rs\/index.php\/wp-json\/wp\/v2\/categories?post=43"},{"taxonomy":"post_tag","embeddable":true,"href":"https:\/\/arm-plan.rs\/index.php\/wp-json\/wp\/v2\/tags?post=43"}],"curies":[{"name":"wp","href":"https:\/\/api.w.org\/{rel}","templated":true}]}}