{"id":116,"date":"2024-08-29T21:10:35","date_gmt":"2024-08-29T21:10:35","guid":{"rendered":"https:\/\/arm-plan.rs\/?page_id=116"},"modified":"2024-08-29T21:23:25","modified_gmt":"2024-08-29T21:23:25","slug":"cenovnik","status":"publish","type":"page","link":"https:\/\/arm-plan.rs\/index.php\/cenovnik\/","title":{"rendered":"CENOVNIK"},"content":{"rendered":"<div class=\"wp-block-image\">\n<figure class=\"aligncenter size-large is-resized\"><img loading=\"lazy\" decoding=\"async\" width=\"1024\" height=\"586\" src=\"https:\/\/arm-plan.rs\/wp-content\/uploads\/2024\/08\/01-3\u0414-\u041b\u0430\u0437\u0435-\u041b\u0430\u0437\u0430\u0440\u0435\u0432\u0438\u045b\u0430-1024x586.jpg\" alt=\"\" class=\"wp-image-121\" style=\"width:612px;height:auto\" srcset=\"https:\/\/arm-plan.rs\/wp-content\/uploads\/2024\/08\/01-3\u0414-\u041b\u0430\u0437\u0435-\u041b\u0430\u0437\u0430\u0440\u0435\u0432\u0438\u045b\u0430-1024x586.jpg 1024w, https:\/\/arm-plan.rs\/wp-content\/uploads\/2024\/08\/01-3\u0414-\u041b\u0430\u0437\u0435-\u041b\u0430\u0437\u0430\u0440\u0435\u0432\u0438\u045b\u0430-300x172.jpg 300w, https:\/\/arm-plan.rs\/wp-content\/uploads\/2024\/08\/01-3\u0414-\u041b\u0430\u0437\u0435-\u041b\u0430\u0437\u0430\u0440\u0435\u0432\u0438\u045b\u0430-768x439.jpg 768w, https:\/\/arm-plan.rs\/wp-content\/uploads\/2024\/08\/01-3\u0414-\u041b\u0430\u0437\u0435-\u041b\u0430\u0437\u0430\u0440\u0435\u0432\u0438\u045b\u0430.jpg 1253w\" sizes=\"auto, (max-width: 1024px) 100vw, 1024px\" \/><\/figure>\n<\/div>\n\n<h3 style=\"text-align: center;\">Cenovnik projekata konstrukcije za stambene objekte<\/h3>\n\n\n<div class=\"wp-block-columns is-layout-flex wp-container-core-columns-is-layout-9d6595d7 wp-block-columns-is-layout-flex\">\n<div class=\"wp-block-column is-layout-flow wp-block-column-is-layout-flow\">\n<figure class=\"wp-block-table is-style-stripes\"><table class=\"has-fixed-layout\"><tbody><tr><td class=\"has-text-align-center\" data-align=\"center\"><strong>Objekti od 400 m<sup>2<\/sup> do 1000 m<sup>2<\/sup><br>2.5 \u20ac\/m<sup>2<\/sup> bruto povr\u0161ine<\/strong><\/td><\/tr><tr><td class=\"has-text-align-center\" data-align=\"center\">Tekstualna dokumentacija<\/td><\/tr><tr><td class=\"has-text-align-center\" data-align=\"center\">Numeri\u010dka dokumentacija<\/td><\/tr><tr><td class=\"has-text-align-center\" data-align=\"center\">Grafi\u010dka dokumentacija<\/td><\/tr><tr><td class=\"has-text-align-center\" data-align=\"center\">Detalji armiranja<\/td><\/tr><\/tbody><\/table><\/figure>\n<\/div>\n\n\n\n<div class=\"wp-block-column is-layout-flow wp-block-column-is-layout-flow\">\n<figure class=\"wp-block-table is-style-stripes\"><table class=\"has-fixed-layout\"><tbody><tr><td class=\"has-text-align-center\" data-align=\"center\"><strong>Objekti od 1000 m<sup>2<\/sup> do 5000 m<sup>2<\/sup> 2.0 \u20ac\/m<sup>2<\/sup> bruto povr\u0161ine<\/strong><\/td><\/tr><tr><td class=\"has-text-align-center\" data-align=\"center\">Tekstualna dokumentacija<\/td><\/tr><tr><td class=\"has-text-align-center\" data-align=\"center\">Numeri\u010dka dokumentacija<\/td><\/tr><tr><td class=\"has-text-align-center\" data-align=\"center\">Grafi\u010dka dokumentacija<\/td><\/tr><tr><td class=\"has-text-align-center\" data-align=\"center\">Detalji armiranja<\/td><\/tr><\/tbody><\/table><\/figure>\n<\/div>\n\n\n\n<div class=\"wp-block-column is-layout-flow wp-block-column-is-layout-flow\">\n<figure class=\"wp-block-table is-style-stripes\"><table class=\"has-fixed-layout\"><tbody><tr><td class=\"has-text-align-center\" data-align=\"center\"><strong>Objekti preko 5000 m<sup>2<\/sup> <\/strong><br><strong>1.8 \u20ac\/m<sup>2<\/sup> bruto povr\u0161ine<\/strong><\/td><\/tr><tr><td class=\"has-text-align-center\" data-align=\"center\">Tekstualna dokumentacija<\/td><\/tr><tr><td class=\"has-text-align-center\" data-align=\"center\">Numeri\u010dka dokumentacija<\/td><\/tr><tr><td class=\"has-text-align-center\" data-align=\"center\">Grafi\u010dka dokumentacija<\/td><\/tr><tr><td class=\"has-text-align-center\" data-align=\"center\">Detalji armiranja<\/td><\/tr><\/tbody><\/table><\/figure>\n<\/div>\n<\/div>\n\n\n<h3 style=\"text-align: center;\">Cena projekta konstrukcije za industrijske objekte <strong>po dogovoru<\/strong>, u zavisnosti od zahtevnosti samog objekta, dispozicije i bruto povr\u0161ine.<\/h3>\n\n<div class=\"wp-block-image\">\n<figure class=\"aligncenter size-large is-resized\"><img loading=\"lazy\" decoding=\"async\" width=\"1024\" height=\"574\" src=\"https:\/\/arm-plan.rs\/wp-content\/uploads\/2024\/08\/3D-model-celicne-konstrukcije-za-izvodenje-raspon-20m-1024x574.png\" alt=\"\" class=\"wp-image-120\" style=\"width:643px;height:auto\" srcset=\"https:\/\/arm-plan.rs\/wp-content\/uploads\/2024\/08\/3D-model-celicne-konstrukcije-za-izvodenje-raspon-20m-1024x574.png 1024w, https:\/\/arm-plan.rs\/wp-content\/uploads\/2024\/08\/3D-model-celicne-konstrukcije-za-izvodenje-raspon-20m-300x168.png 300w, https:\/\/arm-plan.rs\/wp-content\/uploads\/2024\/08\/3D-model-celicne-konstrukcije-za-izvodenje-raspon-20m-768x430.png 768w, https:\/\/arm-plan.rs\/wp-content\/uploads\/2024\/08\/3D-model-celicne-konstrukcije-za-izvodenje-raspon-20m-1536x861.png 1536w, https:\/\/arm-plan.rs\/wp-content\/uploads\/2024\/08\/3D-model-celicne-konstrukcije-za-izvodenje-raspon-20m.png 1563w\" sizes=\"auto, (max-width: 1024px) 100vw, 1024px\" \/><\/figure>\n<\/div>","protected":false},"excerpt":{"rendered":"<p>Cenovnik projekata konstrukcije za stambene objekte Objekti od 400 m2 do 1000 m22.5 \u20ac\/m2 bruto povr\u0161ine Tekstualna dokumentacija Numeri\u010dka dokumentacija Grafi\u010dka dokumentacija Detalji armiranja Objekti od 1000 m2 do 5000 m2 2.0 \u20ac\/m2 bruto povr\u0161ine Tekstualna dokumentacija Numeri\u010dka dokumentacija Grafi\u010dka dokumentacija Detalji armiranja Objekti preko 5000 m2 1.8 \u20ac\/m2 bruto povr\u0161ine Tekstualna dokumentacija Numeri\u010dka dokumentacija&hellip;<\/p>\n<p class=\"more-link\"><a href=\"https:\/\/arm-plan.rs\/index.php\/cenovnik\/\" class=\"themebutton3\">Read More<\/a><\/p>\n","protected":false},"author":1,"featured_media":0,"parent":0,"menu_order":0,"comment_status":"closed","ping_status":"closed","template":"","meta":{"footnotes":""},"categories":[],"tags":[],"class_list":["post-116","page","type-page","status-publish","hentry"],"_links":{"self":[{"href":"https:\/\/arm-plan.rs\/index.php\/wp-json\/wp\/v2\/pages\/116","targetHints":{"allow":["GET"]}}],"collection":[{"href":"https:\/\/arm-plan.rs\/index.php\/wp-json\/wp\/v2\/pages"}],"about":[{"href":"https:\/\/arm-plan.rs\/index.php\/wp-json\/wp\/v2\/types\/page"}],"author":[{"embeddable":true,"href":"https:\/\/arm-plan.rs\/index.php\/wp-json\/wp\/v2\/users\/1"}],"replies":[{"embeddable":true,"href":"https:\/\/arm-plan.rs\/index.php\/wp-json\/wp\/v2\/comments?post=116"}],"version-history":[{"count":15,"href":"https:\/\/arm-plan.rs\/index.php\/wp-json\/wp\/v2\/pages\/116\/revisions"}],"predecessor-version":[{"id":138,"href":"https:\/\/arm-plan.rs\/index.php\/wp-json\/wp\/v2\/pages\/116\/revisions\/138"}],"wp:attachment":[{"href":"https:\/\/arm-plan.rs\/index.php\/wp-json\/wp\/v2\/media?parent=116"}],"wp:term":[{"taxonomy":"category","embeddable":true,"href":"https:\/\/arm-plan.rs\/index.php\/wp-json\/wp\/v2\/categories?post=116"},{"taxonomy":"post_tag","embeddable":true,"href":"https:\/\/arm-plan.rs\/index.php\/wp-json\/wp\/v2\/tags?post=116"}],"curies":[{"name":"wp","href":"https:\/\/api.w.org\/{rel}","templated":true}]}}