{"id":102,"date":"2024-08-20T18:37:46","date_gmt":"2024-08-20T18:37:46","guid":{"rendered":"https:\/\/arm-plan.rs\/?page_id=102"},"modified":"2024-08-20T18:37:47","modified_gmt":"2024-08-20T18:37:47","slug":"nasa-najveca-prednost-znanje","status":"publish","type":"page","link":"https:\/\/arm-plan.rs\/index.php\/nasa-najveca-prednost-znanje\/","title":{"rendered":"Na\u0161a najve\u0107a prednost &#8211; znanje"},"content":{"rendered":"\n<p>Dana\u0161nje poslovno okru\u017eenje name\u0107e preduze\u0107ima okrutnu tr\u017ei\u0161nu utakmicu.&nbsp;<strong>Gradnja konkurentske prednosti<\/strong>&nbsp;dugoro\u010dni je cilj svakog preduze\u0107a.&nbsp;&nbsp;Najve\u0107u konkurentsku prednost predstavlja zajedni\u010dko&nbsp;<strong>znanje i ve\u0161tina.<\/strong><\/p>\n\n\n\n<p>Za na\u0161u firmu, upravljanje znanjem usmereno je na \u010detiri klju\u010dna podru\u010dja:<\/p>\n\n\n\n<ul class=\"wp-block-list\">\n<li><strong><em><u>Inovativnost<\/u><\/em><\/strong>\u00a0<em>\u2013 pronala\u017eenje i uvo\u0111enje novih ideja, timsko re\u0161avanje postavljenih zadataka;<\/em><\/li>\n\n\n\n<li><strong><em><u>Brzina reakcije<\/u><\/em><\/strong>\u00a0<em>\u2013 re\u0161avanje upravlja\u010dkih problema preventivnim i korektivnim akcijama na osnovu prikupljenih informacija;<\/em><\/li>\n\n\n\n<li><strong><em><u>Produktivnost<\/u><\/em><\/strong>\u00a0<em>\u2013 obuhvatanje i deljenje najbolje poslovne prakse, smanjivanje vremena za re\u0161avanje poslovnih problema;<\/em><\/li>\n\n\n\n<li><strong><em><u>Obrazovanje<\/u><\/em><\/strong>\u00a0<em>\u2013 stalno razvijanje ve\u0161tina i znanja radnika putem treninga.<\/em><\/li>\n<\/ul>\n\n\n\n<p><strong><em>Aleksandar Ili\u0107 \u2013&nbsp;<\/em><\/strong>osniva\u010d i direktor, je Master in\u017eenjer gra\u0111evinarstva, sa radnim iskustvom u projektovanju gra\u0111evinskih objekata visokogradnje, veoma visokih profesionalnih standarda i preciznosti u radu, sa akcentom na, pre svega, poslovnoj etici i stalnom profesionalnom usavr\u0161avanju.<\/p>\n\n\n\n<figure class=\"wp-block-image size-full\"><img loading=\"lazy\" decoding=\"async\" width=\"525\" height=\"351\" src=\"https:\/\/arm-plan.rs\/wp-content\/uploads\/2024\/08\/BIinn.jpg\" alt=\"\" class=\"wp-image-103\" srcset=\"https:\/\/arm-plan.rs\/wp-content\/uploads\/2024\/08\/BIinn.jpg 525w, https:\/\/arm-plan.rs\/wp-content\/uploads\/2024\/08\/BIinn-300x201.jpg 300w, https:\/\/arm-plan.rs\/wp-content\/uploads\/2024\/08\/BIinn-380x254.jpg 380w, https:\/\/arm-plan.rs\/wp-content\/uploads\/2024\/08\/BIinn-285x190.jpg 285w\" sizes=\"auto, (max-width: 525px) 100vw, 525px\" \/><\/figure>\n","protected":false},"excerpt":{"rendered":"<p>Dana\u0161nje poslovno okru\u017eenje name\u0107e preduze\u0107ima okrutnu tr\u017ei\u0161nu utakmicu.&nbsp;Gradnja konkurentske prednosti&nbsp;dugoro\u010dni je cilj svakog preduze\u0107a.&nbsp;&nbsp;Najve\u0107u konkurentsku prednost predstavlja zajedni\u010dko&nbsp;znanje i ve\u0161tina. Za na\u0161u firmu, upravljanje znanjem usmereno je na \u010detiri klju\u010dna podru\u010dja: Aleksandar Ili\u0107 \u2013&nbsp;osniva\u010d i direktor, je Master in\u017eenjer gra\u0111evinarstva, sa radnim iskustvom u projektovanju gra\u0111evinskih objekata visokogradnje, veoma visokih profesionalnih standarda i preciznosti u&hellip;<\/p>\n<p class=\"more-link\"><a href=\"https:\/\/arm-plan.rs\/index.php\/nasa-najveca-prednost-znanje\/\" class=\"themebutton3\">Read More<\/a><\/p>\n","protected":false},"author":1,"featured_media":0,"parent":0,"menu_order":0,"comment_status":"closed","ping_status":"closed","template":"","meta":{"footnotes":""},"categories":[],"tags":[],"class_list":["post-102","page","type-page","status-publish","hentry"],"_links":{"self":[{"href":"https:\/\/arm-plan.rs\/index.php\/wp-json\/wp\/v2\/pages\/102","targetHints":{"allow":["GET"]}}],"collection":[{"href":"https:\/\/arm-plan.rs\/index.php\/wp-json\/wp\/v2\/pages"}],"about":[{"href":"https:\/\/arm-plan.rs\/index.php\/wp-json\/wp\/v2\/types\/page"}],"author":[{"embeddable":true,"href":"https:\/\/arm-plan.rs\/index.php\/wp-json\/wp\/v2\/users\/1"}],"replies":[{"embeddable":true,"href":"https:\/\/arm-plan.rs\/index.php\/wp-json\/wp\/v2\/comments?post=102"}],"version-history":[{"count":1,"href":"https:\/\/arm-plan.rs\/index.php\/wp-json\/wp\/v2\/pages\/102\/revisions"}],"predecessor-version":[{"id":104,"href":"https:\/\/arm-plan.rs\/index.php\/wp-json\/wp\/v2\/pages\/102\/revisions\/104"}],"wp:attachment":[{"href":"https:\/\/arm-plan.rs\/index.php\/wp-json\/wp\/v2\/media?parent=102"}],"wp:term":[{"taxonomy":"category","embeddable":true,"href":"https:\/\/arm-plan.rs\/index.php\/wp-json\/wp\/v2\/categories?post=102"},{"taxonomy":"post_tag","embeddable":true,"href":"https:\/\/arm-plan.rs\/index.php\/wp-json\/wp\/v2\/tags?post=102"}],"curies":[{"name":"wp","href":"https:\/\/api.w.org\/{rel}","templated":true}]}}